{"id":3490,"date":"2016-08-31T11:58:39","date_gmt":"2016-08-31T09:58:39","guid":{"rendered":"http:\/\/shop.theinteriordesign.it\/en\/prodotto\/felfel\/"},"modified":"2018-10-18T12:25:26","modified_gmt":"2018-10-18T10:25:26","slug":"felfel-salt-and-pepper-shaker","status":"publish","type":"product","link":"https:\/\/shop.theinteriordesign.it\/en\/product\/felfel-salt-and-pepper-shaker\/","title":{"rendered":"F\u00eblF\u00ebl &#8211; salt and pepper shaker"},"content":{"rendered":"<p>F\u00eblF\u00ebl, designed by Layla Mehdi Pour, is a salt and pepper shaker with a simple, symbolic and fun form. It is a new form that changes the manual use of an object that has already been proposed in thousands of versions with a differentiated tactile surface designed for the visually impaired. The rings are equipped with small reliefs to recognize the salt and the pepper shaker by touch. Crafted in Italian ceramic.<\/p>\n<p>&nbsp;<\/p>\n","protected":false},"excerpt":{"rendered":"<p>F\u00eblF\u00ebl, designed by Layla Mehdi Pour, is a salt and pepper shaker with a simple, symbolic and fun form. It is a new form that changes the manual use of an object that has already been proposed in thousands of versions with a differentiated tactile surface designed for the visually impaired. The rings are equipped [&#8230;]\n","protected":false},"featured_media":10437,"template":"","meta":[],"product_cat":[138],"product_tag":[],"_links":{"self":[{"href":"https:\/\/shop.theinteriordesign.it\/en\/wp-json\/wp\/v2\/product\/3490"}],"collection":[{"href":"https:\/\/shop.theinteriordesign.it\/en\/wp-json\/wp\/v2\/product"}],"about":[{"href":"https:\/\/shop.theinteriordesign.it\/en\/wp-json\/wp\/v2\/types\/product"}],"wp:featuredmedia":[{"embeddable":true,"href":"https:\/\/shop.theinteriordesign.it\/en\/wp-json\/wp\/v2\/media\/10437"}],"wp:attachment":[{"href":"https:\/\/shop.theinteriordesign.it\/en\/wp-json\/wp\/v2\/media?parent=3490"}],"wp:term":[{"taxonomy":"product_cat","embeddable":true,"href":"https:\/\/shop.theinteriordesign.it\/en\/wp-json\/wp\/v2\/product_cat?post=3490"},{"taxonomy":"product_tag","embeddable":true,"href":"https:\/\/shop.theinteriordesign.it\/en\/wp-json\/wp\/v2\/product_tag?post=3490"}],"curies":[{"name":"wp","href":"https:\/\/api.w.org\/{rel}","templated":true}]}}